{"id":13,"date":"2021-06-06T20:37:15","date_gmt":"2021-06-06T20:37:15","guid":{"rendered":"http:\/\/majoconsult.de\/?page_id=13"},"modified":"2021-07-17T08:01:16","modified_gmt":"2021-07-17T08:01:16","slug":"ueber-uns","status":"publish","type":"page","link":"https:\/\/majoconsult.de\/?page_id=13","title":{"rendered":"\u00dcber uns"},"content":{"rendered":"\n<p>In unsere Beratungsleistung bringen wir all unsere Erfahrung und Expertise aus der T\u00e4tigkeit bei Nachhaltigkeitsinitiativen, der Gesch\u00e4ftsf\u00fchrung von Stiftungen, Gremienarbeit in Vorst\u00e4nden und Stiftungsr\u00e4ten f\u00fcr den Umwelt- und Naturschutz ein. <br>Melden Sie sich gerne!<\/p>\n","protected":false},"excerpt":{"rendered":"<p>In unsere Beratungsleistung bringen wir all unsere Erfahrung und Expertise aus der T\u00e4tigkeit bei Nachhaltigkeitsinitiativen, der Gesch\u00e4ftsf\u00fchrung von Stiftungen, Gremienarbeit in Vorst\u00e4nden und Stiftungsr\u00e4ten f\u00fcr den Umwelt- und Naturschutz ein. Melden Sie sich gerne!<\/p>\n","protected":false},"author":1,"featured_media":0,"parent":0,"menu_order":0,"comment_status":"closed","ping_status":"closed","template":"","meta":[],"_links":{"self":[{"href":"https:\/\/majoconsult.de\/index.php?rest_route=\/wp\/v2\/pages\/13"}],"collection":[{"href":"https:\/\/majoconsult.de\/index.php?rest_route=\/wp\/v2\/pages"}],"about":[{"href":"https:\/\/majoconsult.de\/index.php?rest_route=\/wp\/v2\/types\/page"}],"author":[{"embeddable":true,"href":"https:\/\/majoconsult.de\/index.php?rest_route=\/wp\/v2\/users\/1"}],"replies":[{"embeddable":true,"href":"https:\/\/majoconsult.de\/index.php?rest_route=%2Fwp%2Fv2%2Fcomments&post=13"}],"version-history":[{"count":2,"href":"https:\/\/majoconsult.de\/index.php?rest_route=\/wp\/v2\/pages\/13\/revisions"}],"predecessor-version":[{"id":58,"href":"https:\/\/majoconsult.de\/index.php?rest_route=\/wp\/v2\/pages\/13\/revisions\/58"}],"wp:attachment":[{"href":"https:\/\/majoconsult.de\/index.php?rest_route=%2Fwp%2Fv2%2Fmedia&parent=13"}],"curies":[{"name":"wp","href":"https:\/\/api.w.org\/{rel}","templated":true}]}}